{"id":4184,"date":"2025-03-01T20:42:53","date_gmt":"2025-03-01T20:42:53","guid":{"rendered":"https:\/\/darkora.net\/tools\/darkora-multichain-hunter-pro\/"},"modified":"2025-12-02T00:48:18","modified_gmt":"2025-12-02T00:48:18","slug":"darkora-multichain-hunter-pro","status":"publish","type":"product","link":"https:\/\/darkora.net\/tr\/tools\/darkora-multichain-hunter-pro\/","title":{"rendered":"DarkOra MultiChain Hunter Pro"},"content":{"rendered":"<h1>Kay\u0131p Kripto C\u00fczdan\u0131n\u0131 Kurtar \u2013 Unutulan Mnemonikler ve \u00c7al\u0131nan Bakiyeleri Bul<\/h1>\n<p><strong>Kripto para c\u00fczdan\u0131n\u0131za eri\u015fiminizi mi kaybettiniz?<\/strong><br \/>\nHer y\u0131l binlerce kripto kullan\u0131c\u0131s\u0131, unutulan mnemonic c\u00fcmleler, kaybolan \u00f6zel anahtarlar veya siber h\u0131rs\u0131zl\u0131k nedeniyle fonlar\u0131na eri\u015fimini kaybediyor. <strong>DarkOra MultiChain Hunter Pro<\/strong>, birden fazla blok zinciri a\u011f\u0131nda kaybolan veya unutulan c\u00fczdanlar\u0131 taramak, izlemek ve tan\u0131mlamak i\u00e7in tasarlanm\u0131\u015f geli\u015fmi\u015f bir blok zinciri adli t\u0131p arac\u0131d\u0131r.<\/p>\n<h2>\ud83d\udea8 Atomic Wallet Hack \u2013 Kripto Paran\u0131z \u00c7al\u0131nd\u0131 m\u0131?<\/h2>\n<p><strong>Haziran 2023<\/strong>&#8216;de, <a href=\"https:\/\/atomicwallet.io\/\" target=\"_blank\" rel=\"noopener\">Atomic Wallet<\/a> felaket niteli\u011finde bir hack sald\u0131r\u0131s\u0131na u\u011frad\u0131 ve bu sald\u0131r\u0131 sonucunda 100 milyon dolar\u0131n \u00fczerinde Bitcoin, Ethereum ve di\u011fer kripto para birimleri \u00e7al\u0131nd\u0131. C\u00fczdan sistemindeki g\u00fcvenlik a\u00e7\u0131klar\u0131 nedeniyle binlerce kullan\u0131c\u0131 fonlar\u0131na eri\u015fimini kaybetti. <\/p>\n<p>Bu sald\u0131r\u0131n\u0131n kurbanlar\u0131 merak i\u00e7inde kald\u0131:<\/p>\n<ul>\n<li>\ud83d\udcb8 Atomic Wallet&#8217;tan \u00e7al\u0131nan kripto paray\u0131 nas\u0131l geri alabilirim?<\/li>\n<li>\ud83d\udd0d Kaybetti\u011fim Bitcoin veya Ethereum&#8217;u takip edebilir miyim?<\/li>\n<li>\u26a0\ufe0f Kaybolan mnemonik c\u00fcmleleri geri getirmenin bir yolu var m\u0131?<\/li>\n<\/ul>\n<p>\ud83d\udca1 Atomic Wallet ihlalinden etkilendiyseniz, yaln\u0131z de\u011filsiniz!<br \/>\n<strong>DarkOra MultiChain Hunter Pro<\/strong> ile blok zinciri adreslerini tarayabilir ve analiz ederek kay\u0131p bakiyeleri takip edebilir ve unutulmu\u015f mnemonic c\u00fcmleleri ke\u015ffedebilirsiniz.<\/p>\n<h2>\ud83d\udd0e Geli\u015fmi\u015f \u00c7oklu Zincir C\u00fczdan Taray\u0131c\u0131<\/h2>\n<p>En son teknolojiye sahip <strong>kripto c\u00fczdan kurtarma arac\u0131m\u0131z<\/strong> kullan\u0131c\u0131lara \u015fu konularda yard\u0131mc\u0131 olur: <\/p>\n<ul>\n<li>\ud83d\udd0d <strong>Rastgele olu\u015fturulan 12 kelimelik ezberleme c\u00fcmlelerini taray\u0131n<\/strong> aktif c\u00fczdanlar\u0131 bulmak i\u00e7in.<\/li>\n<li>\ud83d\udcb0 <strong>Kay\u0131p Bitcoin, Ethereum ve Solana c\u00fczdan bakiyelerini geri al\u0131n.<\/strong><\/li>\n<li>\u26a1 <strong>Bilinen adreslerle ba\u011flant\u0131l\u0131 mnemonic ifadelerini bulmak i\u00e7in brute-force ters modunu kullan\u0131n.<\/strong><\/li>\n<li>\ud83d\udcc2 <strong>S\u0131zd\u0131r\u0131lm\u0131\u015f veya bilinen mnemonic phrase listelerini y\u00fckleyin ve taray\u0131n.<\/strong><\/li>\n<\/ul>\n<h2>\ud83c\udf0d Desteklenen Blockchain A\u011flar\u0131<\/h2>\n<p>DarkOra MultiChain Hunter Pro, birden fazla blok zinciri a\u011f\u0131nda \u00e7al\u0131\u015farak kay\u0131p kripto varl\u0131klar\u0131n\u0131z\u0131 analiz etmenize ve kurtarman\u0131za yard\u0131mc\u0131 olur:<\/p>\n<ul>\n<li>\ud83d\udd39 <strong>Bitcoin (BTC)<\/strong><\/li>\n<li>\ud83d\udd39 <strong>Ethereum (ETH)<\/strong><\/li>\n<li>\ud83d\udd39 <strong>Solana (SOL)<\/strong><\/li>\n<li>\ud83d\udd39 <strong>Tron (TRX)<\/strong><\/li>\n<li>\ud83d\udd39 <strong>Dogecoin (DOGE)<\/strong><\/li>\n<li>\ud83d\udd39 <strong>Litecoin (LTC) ve daha fazlas\u0131&#8230;<\/strong><\/li>\n<\/ul>\n<h2>\ud83d\udcbb Nas\u0131l \u00c7al\u0131\u015f\u0131r?<\/h2>\n<p>DarkOra MultiChain Hunter Pro, \u00fc\u00e7 g\u00fc\u00e7l\u00fc kurtarma modu sunar:<\/p>\n<ul>\n<li>\u2705 **Otomatik An\u0131msat\u0131c\u0131 Tarama:** Binlerce rastgele 12 kelimelik tohum c\u00fcmlesi olu\u015fturur ve test eder.<\/li>\n<li>\u2705 **Ters Adres Modu:** Bir c\u00fczdan adresi girin ve bununla ili\u015fkili mnemonik kelimeyi bulmaya \u00e7al\u0131\u015f\u0131n.<\/li>\n<li>\u2705 **Toplu Tarama Modu:** An\u0131msat\u0131c\u0131 ifadelerin listesini y\u00fckleyin ve bakiyeleri taray\u0131n.<\/li>\n<\/ul>\n<h2>\ud83d\udd12 Bu bir c\u00fczdan kurtarma hizmeti mi?<\/h2>\n<p>Hay\u0131r, **DarkOra MultiChain Hunter Pro bir kurtarma hizmeti DE\u011e\u0130LD\u0130R**.<br \/>\nBu, kullan\u0131c\u0131lar\u0131n potansiyel olarak kaybolmu\u015f c\u00fczdan eri\u015fimini tespit etmek i\u00e7in mnemonic c\u00fcmleleri taramas\u0131na ve analiz etmesine yard\u0131mc\u0131 olan bir **blockchain adli ara\u00e7**.<\/p>\n<p>\u274c **Atomic Wallet sald\u0131r\u0131s\u0131nda kripto paran\u0131z \u00e7al\u0131nd\u0131ysa, \u00e7al\u0131nan fonlar\u0131 geri alman\u0131n garantili bir yolu yoktur.**<br \/>\n\u2705 **Ancak, yaz\u0131l\u0131m\u0131m\u0131z i\u015flemleri analiz etmenize, blok zinciri faaliyetlerini takip etmenize ve kaybolan c\u00fczdanlar\u0131 yeniden bulman\u0131za yard\u0131mc\u0131 olabilir.**<\/p>\n<h2>\ud83d\ude80 Neden DarkOra MultiChain Hunter Pro&#8217;yu Se\u00e7melisiniz?<\/h2>\n<ul>\n<li>\u2705 **Birden fazla blok zincirini destekler (BTC, ETH, SOL, TRX, LTC, DOGE ve daha fazlas\u0131).**<\/li>\n<li>\u2705 **Anonim tarama i\u00e7in proxy deste\u011fi i\u00e7erir.**<\/li>\n<li>\u2705 **Abonelik gerekmez \u2013 Tek seferlik \u00f6deme, \u00f6m\u00fcr boyu eri\u015fim!**<\/li>\n<li>\u2705 **H\u0131zl\u0131 tarama ve denge geri kazan\u0131m\u0131 i\u00e7in optimize edilmi\u015ftir.**<\/li>\n<\/ul>\n<h2>\u26a1 An\u0131nda \u0130ndirme ve \u00d6m\u00fcr Boyu G\u00fcncellemeler<\/h2>\n<p>Sat\u0131n ald\u0131ktan sonra, yaz\u0131l\u0131m\u0131 **an\u0131nda kullanmaya ba\u015flayabilir**, ayr\u0131ca \u00f6m\u00fcr boyu \u00fccretsiz g\u00fcncellemeler ve m\u00fc\u015fteri deste\u011fi alabilirsiniz.<\/p>\n<h2>\ud83d\udd17 Yararl\u0131 Kaynaklar<\/h2>\n<ul>\n<li><a href=\"https:\/\/darkora.net\/tr\/blog\/atomic-wallet-hack-secure-your-crypto-assets\/\" target=\"_blank\" rel=\"noopener\">Atomic Wallet Hack: Kripto Varl\u0131klar\u0131n\u0131z\u0131 G\u00fcvenceye Al\u0131n<\/a><\/li>\n<li><a href=\"https:\/\/darkora.net\/blog\/how-to-secure-your-crypto-wallet\/\" target=\"_blank\" rel=\"noopener\">Kripto Para C\u00fczdan\u0131n\u0131z\u0131 Nas\u0131l G\u00fcvenli Hale Getirebilirsiniz?<\/a><\/li>\n<\/ul>\n<h3>\ud83d\udd10 Kripto Paralar\u0131n\u0131z\u0131 G\u00fcvenceye Al\u0131n \u2013 Kay\u0131p C\u00fczdanlar\u0131n\u0131z\u0131 Hemen Kurtar\u0131n!<\/h3>\n<p>&nbsp;<\/p>\n<p style=\"text-align: center;\">Ekran G\u00f6r\u00fcnt\u00fcleri :<\/p>\n<p style=\"text-align: center;\"><img fetchpriority=\"high\" decoding=\"async\" class=\"alignnone size-full wp-image-4173\" src=\"https:\/\/darkora.net\/wp-content\/uploads\/2025\/03\/screen_mhp.jpg\" alt=\"Ekran Kay\u0131p Kripto C\u00fczdan\u0131n\u0131 Kurtar\" width=\"711\" height=\"407\" srcset=\"https:\/\/darkora.net\/wp-content\/uploads\/2025\/03\/screen_mhp.jpg 711w, https:\/\/darkora.net\/wp-content\/uploads\/2025\/03\/screen_mhp-300x172.jpg 300w, https:\/\/darkora.net\/wp-content\/uploads\/2025\/03\/screen_mhp-600x343.jpg 600w\" sizes=\"(max-width: 711px) 100vw, 711px\" \/><\/p>\n<p style=\"text-align: center;\"><img decoding=\"async\" class=\"alignnone size-full wp-image-4178\" src=\"https:\/\/darkora.net\/wp-content\/uploads\/2025\/03\/screen_mhp2.jpg\" alt=\"Kay\u0131p Kripto C\u00fczdan\u0131n\u0131 Kurtar\" width=\"1238\" height=\"1006\" srcset=\"https:\/\/darkora.net\/wp-content\/uploads\/2025\/03\/screen_mhp2.jpg 1238w, https:\/\/darkora.net\/wp-content\/uploads\/2025\/03\/screen_mhp2-300x244.jpg 300w, https:\/\/darkora.net\/wp-content\/uploads\/2025\/03\/screen_mhp2-1024x832.jpg 1024w, https:\/\/darkora.net\/wp-content\/uploads\/2025\/03\/screen_mhp2-768x624.jpg 768w, https:\/\/darkora.net\/wp-content\/uploads\/2025\/03\/screen_mhp2-600x488.jpg 600w\" sizes=\"(max-width: 1238px) 100vw, 1238px\" \/><\/p>\n<p>&nbsp;<\/p>\n<p style=\"text-align: center;\"><a href=\"https:\/\/www.youtube.com\/watch?v=MePCN6wpFgs\" target=\"_blank\" rel=\"noopener\">DarkOra MultiChain Hunter Pro v1.0.0&#8217;\u0131 Youtube&#8217;da izleyin!<\/a><\/p>\n<h2 id=\"item-description__release-notes\">S\u00fcr\u00fcm Notlar\u0131<\/h2>\n<hr>\n<pre>** Version 2.0.0 \u2013 [DD-MM-2025] **\n  - Desktop UI: full UI with live dashboard, KPIs, and data grids\n  - Parallel multi-chain engine with smart rate-limit &amp; retry (BTC\/ETH\/TRX+USDT\/SOL\/LTC\/DOGE)\n  - Real-time balances for derived addresses\n  - Duplicate-scan guard with persistent storage (no re-checking phrases)\n  - Performance overhaul: faster derivation, batched network I\/O, lower memory\n  - Optional TRON API key support for higher throughput\n\n** Version 1.1.0 \u2013 08-03-2025 **\n  - Added USDT-TRC20 balance check  \n  - Enhanced style &amp; scanning performance\n\n** Version 1.0.4 \u2013 01-03-2025 **\n  - Faster scanning, optimized memory\n  - Reverse Address Mode improvements\n  - Bulk Scan Mode improvements\n\n** Version 1.0.0 - 27-02-2025 ** \n  - Initial Release\n\nMore updates coming soon!\n<\/pre>\n","protected":false},"excerpt":{"rendered":"<p>Kay\u0131p Kripto C\u00fczdan\u0131n\u0131 Kurtar \u2013 Unutulan Mnemonikler ve \u00c7al\u0131nan Bakiyeleri Bul Kripto para c\u00fczdan\u0131n\u0131za eri\u015fiminizi mi kaybettiniz? Her y\u0131l binlerce kripto kullan\u0131c\u0131s\u0131, unutulan mnemonic c\u00fcmleler, kaybolan \u00f6zel anahtarlar veya siber h\u0131rs\u0131zl\u0131k nedeniyle fonlar\u0131na eri\u015fimini kaybediyor. DarkOra MultiChain Hunter Pro, birden fazla blok zinciri a\u011f\u0131nda kaybolan veya unutulan c\u00fczdanlar\u0131 taramak, izlemek ve tan\u0131mlamak i\u00e7in tasarlanm\u0131\u015f geli\u015fmi\u015f [&hellip;]<\/p>\n","protected":false},"featured_media":4172,"comment_status":"open","ping_status":"closed","template":"","meta":[],"product_brand":[37],"product_cat":[291],"product_tag":[300,309,304,303,302,310,306,307,299,311,305,298,301,308],"class_list":{"0":"post-4184","1":"product","2":"type-product","3":"status-publish","4":"has-post-thumbnail","6":"product_brand-darkora","7":"product_cat-tools-tr","8":"product_tag-atomik-cuzdan-hack","9":"product_tag-bitcoin-adli-tip-tarayicisi","10":"product_tag-btc-bulucu","11":"product_tag-coklu-zincir-avcisi","12":"product_tag-cuzdan-tarayici","13":"product_tag-cuzdan-tohumu-kurtarma","14":"product_tag-cyber-tr","15":"product_tag-darkora-tr","16":"product_tag-iyilesme","17":"product_tag-kayip-cuzdan-bakiye-bulucu","18":"product_tag-kayip-cuzdani-bulmak","19":"product_tag-kripto","20":"product_tag-kripto-izleme","21":"product_tag-kripto-kurtarma-araci","23":"first","24":"instock","25":"sale","26":"downloadable","27":"virtual","28":"sold-individually","29":"purchasable","30":"product-type-simple"},"yoast_head":"<!-- This site is optimized with the Yoast SEO plugin v27.0 - https:\/\/yoast.com\/product\/yoast-seo-wordpress\/ -->\n<title>Kay\u0131p Kripto C\u00fczdan\u0131n\u0131 Kurtar | DarkOra MultiChain Hunter Pro<\/title>\n<meta name=\"description\" content=\"Kay\u0131p kripto c\u00fczdan\u0131n\u0131z\u0131 veya Bitcoin, Ethereum veya di\u011fer c\u00fczdanlar\u0131n\u0131za eri\u015fiminizi mi kaybettiniz? DarkOra MultiChain Hunter Pro, kaybolan veya \u00e7al\u0131nan c\u00fczdanlar\u0131 kurtarmaya yard\u0131mc\u0131 olur...\" \/>\n<meta name=\"robots\" content=\"index, follow, max-snippet:-1, max-image-preview:large, max-video-preview:-1\" \/>\n<link rel=\"canonical\" href=\"https:\/\/darkora.net\/tr\/tools\/darkora-multichain-hunter-pro\/\" \/>\n<meta property=\"og:locale\" content=\"tr_TR\" \/>\n<meta property=\"og:type\" content=\"article\" \/>\n<meta property=\"og:title\" content=\"Kay\u0131p Kripto C\u00fczdan\u0131n\u0131 Kurtar | DarkOra MultiChain Hunter Pro\" \/>\n<meta property=\"og:description\" content=\"Kay\u0131p kripto c\u00fczdan\u0131n\u0131z\u0131 veya Bitcoin, Ethereum veya di\u011fer c\u00fczdanlar\u0131n\u0131za eri\u015fiminizi mi kaybettiniz? DarkOra MultiChain Hunter Pro, kaybolan veya \u00e7al\u0131nan c\u00fczdanlar\u0131 kurtarmaya yard\u0131mc\u0131 olur...\" \/>\n<meta property=\"og:url\" content=\"https:\/\/darkora.net\/tr\/tools\/darkora-multichain-hunter-pro\/\" \/>\n<meta property=\"og:site_name\" content=\"DarkOra\" \/>\n<meta property=\"article:modified_time\" content=\"2025-12-02T00:48:18+00:00\" \/>\n<meta property=\"og:image\" content=\"https:\/\/darkora.net\/wp-content\/uploads\/2025\/03\/multicchainhunter_pro.png\" \/>\n\t<meta property=\"og:image:width\" content=\"1024\" \/>\n\t<meta property=\"og:image:height\" content=\"1024\" \/>\n\t<meta property=\"og:image:type\" content=\"image\/png\" \/>\n<meta name=\"twitter:card\" content=\"summary_large_image\" \/>\n<meta name=\"twitter:site\" content=\"@DarkOra_net\" \/>\n<meta name=\"twitter:label1\" content=\"Fiyat\" \/>\n\t<meta name=\"twitter:data1\" content=\"&#036;74.00\" \/>\n\t<meta name=\"twitter:label2\" content=\"Durumu\" \/>\n\t<meta name=\"twitter:data2\" content=\"Stokta var\" \/>\n<script type=\"application\/ld+json\" class=\"yoast-schema-graph\">{\"@context\":\"https:\/\/schema.org\",\"@graph\":[{\"@type\":\"WebPage\",\"@id\":\"https:\/\/darkora.net\/tr\/tools\/darkora-multichain-hunter-pro\/\",\"url\":\"https:\/\/darkora.net\/tr\/tools\/darkora-multichain-hunter-pro\/\",\"name\":\"Kay\u0131p Kripto C\u00fczdan\u0131n\u0131 Kurtar | DarkOra MultiChain Hunter Pro\",\"isPartOf\":{\"@id\":\"https:\/\/darkora.net\/tr\/#website\"},\"primaryImageOfPage\":{\"@id\":\"https:\/\/darkora.net\/tr\/tools\/darkora-multichain-hunter-pro\/#primaryimage\"},\"image\":{\"@id\":\"https:\/\/darkora.net\/tr\/tools\/darkora-multichain-hunter-pro\/#primaryimage\"},\"thumbnailUrl\":\"https:\/\/darkora.net\/wp-content\/uploads\/2025\/03\/multicchainhunter_pro.png\",\"datePublished\":\"2025-03-01T20:42:53+00:00\",\"dateModified\":\"2025-12-02T00:48:18+00:00\",\"description\":\"Kay\u0131p kripto c\u00fczdan\u0131n\u0131z\u0131 veya Bitcoin, Ethereum veya di\u011fer c\u00fczdanlar\u0131n\u0131za eri\u015fiminizi mi kaybettiniz? DarkOra MultiChain Hunter Pro, kaybolan veya \u00e7al\u0131nan c\u00fczdanlar\u0131 kurtarmaya yard\u0131mc\u0131 olur...\",\"breadcrumb\":{\"@id\":\"https:\/\/darkora.net\/tr\/tools\/darkora-multichain-hunter-pro\/#breadcrumb\"},\"inLanguage\":\"tr\",\"potentialAction\":[{\"@type\":\"ReadAction\",\"target\":[\"https:\/\/darkora.net\/tr\/tools\/darkora-multichain-hunter-pro\/\"]}]},{\"@type\":\"ImageObject\",\"inLanguage\":\"tr\",\"@id\":\"https:\/\/darkora.net\/tr\/tools\/darkora-multichain-hunter-pro\/#primaryimage\",\"url\":\"https:\/\/darkora.net\/wp-content\/uploads\/2025\/03\/multicchainhunter_pro.png\",\"contentUrl\":\"https:\/\/darkora.net\/wp-content\/uploads\/2025\/03\/multicchainhunter_pro.png\",\"width\":1024,\"height\":1024,\"caption\":\"DarkOra MultiChain Hunter Pro\"},{\"@type\":\"BreadcrumbList\",\"@id\":\"https:\/\/darkora.net\/tr\/tools\/darkora-multichain-hunter-pro\/#breadcrumb\",\"itemListElement\":[{\"@type\":\"ListItem\",\"position\":1,\"name\":\"Home\",\"item\":\"https:\/\/darkora.net\/tr\/\"},{\"@type\":\"ListItem\",\"position\":2,\"name\":\"Tools\",\"item\":\"https:\/\/darkora.net\/tools\/\"},{\"@type\":\"ListItem\",\"position\":3,\"name\":\"DarkOra MultiChain Hunter Pro\"}]},{\"@type\":\"WebSite\",\"@id\":\"https:\/\/darkora.net\/tr\/#website\",\"url\":\"https:\/\/darkora.net\/tr\/\",\"name\":\"DarkOra\",\"description\":\"\",\"publisher\":{\"@id\":\"https:\/\/darkora.net\/tr\/#organization\"},\"potentialAction\":[{\"@type\":\"SearchAction\",\"target\":{\"@type\":\"EntryPoint\",\"urlTemplate\":\"https:\/\/darkora.net\/tr\/?s={search_term_string}\"},\"query-input\":{\"@type\":\"PropertyValueSpecification\",\"valueRequired\":true,\"valueName\":\"search_term_string\"}}],\"inLanguage\":\"tr\"},{\"@type\":\"Organization\",\"@id\":\"https:\/\/darkora.net\/tr\/#organization\",\"name\":\"DarkOra\",\"url\":\"https:\/\/darkora.net\/tr\/\",\"logo\":{\"@type\":\"ImageObject\",\"inLanguage\":\"tr\",\"@id\":\"https:\/\/darkora.net\/tr\/#\/schema\/logo\/image\/\",\"url\":\"https:\/\/darkora.net\/wp-content\/uploads\/2026\/02\/darkora_favicon1.png\",\"contentUrl\":\"https:\/\/darkora.net\/wp-content\/uploads\/2026\/02\/darkora_favicon1.png\",\"width\":256,\"height\":256,\"caption\":\"DarkOra\"},\"image\":{\"@id\":\"https:\/\/darkora.net\/tr\/#\/schema\/logo\/image\/\"},\"sameAs\":[\"https:\/\/x.com\/DarkOra_net\"]}]}<\/script>\n<meta property=\"product:price:amount\" content=\"74.00\" \/>\n<meta property=\"product:price:currency\" content=\"USD\" \/>\n<meta property=\"og:availability\" content=\"instock\" \/>\n<meta property=\"product:availability\" content=\"instock\" \/>\n<meta property=\"product:condition\" content=\"new\" \/>\n<!-- \/ Yoast SEO plugin. -->","yoast_head_json":{"title":"Kay\u0131p Kripto C\u00fczdan\u0131n\u0131 Kurtar | DarkOra MultiChain Hunter Pro","description":"Kay\u0131p kripto c\u00fczdan\u0131n\u0131z\u0131 veya Bitcoin, Ethereum veya di\u011fer c\u00fczdanlar\u0131n\u0131za eri\u015fiminizi mi kaybettiniz? DarkOra MultiChain Hunter Pro, kaybolan veya \u00e7al\u0131nan c\u00fczdanlar\u0131 kurtarmaya yard\u0131mc\u0131 olur...","robots":{"index":"index","follow":"follow","max-snippet":"max-snippet:-1","max-image-preview":"max-image-preview:large","max-video-preview":"max-video-preview:-1"},"canonical":"https:\/\/darkora.net\/tr\/tools\/darkora-multichain-hunter-pro\/","og_locale":"tr_TR","og_type":"article","og_title":"Kay\u0131p Kripto C\u00fczdan\u0131n\u0131 Kurtar | DarkOra MultiChain Hunter Pro","og_description":"Kay\u0131p kripto c\u00fczdan\u0131n\u0131z\u0131 veya Bitcoin, Ethereum veya di\u011fer c\u00fczdanlar\u0131n\u0131za eri\u015fiminizi mi kaybettiniz? DarkOra MultiChain Hunter Pro, kaybolan veya \u00e7al\u0131nan c\u00fczdanlar\u0131 kurtarmaya yard\u0131mc\u0131 olur...","og_url":"https:\/\/darkora.net\/tr\/tools\/darkora-multichain-hunter-pro\/","og_site_name":"DarkOra","article_modified_time":"2025-12-02T00:48:18+00:00","og_image":[{"width":1024,"height":1024,"url":"https:\/\/darkora.net\/wp-content\/uploads\/2025\/03\/multicchainhunter_pro.png","type":"image\/png"}],"twitter_card":"summary_large_image","twitter_site":"@DarkOra_net","twitter_misc":{"Fiyat":"&#36;74.00","Durumu":"Stokta var"},"schema":{"@context":"https:\/\/schema.org","@graph":[{"@type":"WebPage","@id":"https:\/\/darkora.net\/tr\/tools\/darkora-multichain-hunter-pro\/","url":"https:\/\/darkora.net\/tr\/tools\/darkora-multichain-hunter-pro\/","name":"Kay\u0131p Kripto C\u00fczdan\u0131n\u0131 Kurtar | DarkOra MultiChain Hunter Pro","isPartOf":{"@id":"https:\/\/darkora.net\/tr\/#website"},"primaryImageOfPage":{"@id":"https:\/\/darkora.net\/tr\/tools\/darkora-multichain-hunter-pro\/#primaryimage"},"image":{"@id":"https:\/\/darkora.net\/tr\/tools\/darkora-multichain-hunter-pro\/#primaryimage"},"thumbnailUrl":"https:\/\/darkora.net\/wp-content\/uploads\/2025\/03\/multicchainhunter_pro.png","datePublished":"2025-03-01T20:42:53+00:00","dateModified":"2025-12-02T00:48:18+00:00","description":"Kay\u0131p kripto c\u00fczdan\u0131n\u0131z\u0131 veya Bitcoin, Ethereum veya di\u011fer c\u00fczdanlar\u0131n\u0131za eri\u015fiminizi mi kaybettiniz? DarkOra MultiChain Hunter Pro, kaybolan veya \u00e7al\u0131nan c\u00fczdanlar\u0131 kurtarmaya yard\u0131mc\u0131 olur...","breadcrumb":{"@id":"https:\/\/darkora.net\/tr\/tools\/darkora-multichain-hunter-pro\/#breadcrumb"},"inLanguage":"tr","potentialAction":[{"@type":"ReadAction","target":["https:\/\/darkora.net\/tr\/tools\/darkora-multichain-hunter-pro\/"]}]},{"@type":"ImageObject","inLanguage":"tr","@id":"https:\/\/darkora.net\/tr\/tools\/darkora-multichain-hunter-pro\/#primaryimage","url":"https:\/\/darkora.net\/wp-content\/uploads\/2025\/03\/multicchainhunter_pro.png","contentUrl":"https:\/\/darkora.net\/wp-content\/uploads\/2025\/03\/multicchainhunter_pro.png","width":1024,"height":1024,"caption":"DarkOra MultiChain Hunter Pro"},{"@type":"BreadcrumbList","@id":"https:\/\/darkora.net\/tr\/tools\/darkora-multichain-hunter-pro\/#breadcrumb","itemListElement":[{"@type":"ListItem","position":1,"name":"Home","item":"https:\/\/darkora.net\/tr\/"},{"@type":"ListItem","position":2,"name":"Tools","item":"https:\/\/darkora.net\/tools\/"},{"@type":"ListItem","position":3,"name":"DarkOra MultiChain Hunter Pro"}]},{"@type":"WebSite","@id":"https:\/\/darkora.net\/tr\/#website","url":"https:\/\/darkora.net\/tr\/","name":"DarkOra","description":"","publisher":{"@id":"https:\/\/darkora.net\/tr\/#organization"},"potentialAction":[{"@type":"SearchAction","target":{"@type":"EntryPoint","urlTemplate":"https:\/\/darkora.net\/tr\/?s={search_term_string}"},"query-input":{"@type":"PropertyValueSpecification","valueRequired":true,"valueName":"search_term_string"}}],"inLanguage":"tr"},{"@type":"Organization","@id":"https:\/\/darkora.net\/tr\/#organization","name":"DarkOra","url":"https:\/\/darkora.net\/tr\/","logo":{"@type":"ImageObject","inLanguage":"tr","@id":"https:\/\/darkora.net\/tr\/#\/schema\/logo\/image\/","url":"https:\/\/darkora.net\/wp-content\/uploads\/2026\/02\/darkora_favicon1.png","contentUrl":"https:\/\/darkora.net\/wp-content\/uploads\/2026\/02\/darkora_favicon1.png","width":256,"height":256,"caption":"DarkOra"},"image":{"@id":"https:\/\/darkora.net\/tr\/#\/schema\/logo\/image\/"},"sameAs":["https:\/\/x.com\/DarkOra_net"]}]},"product_price_amount":"74.00","product_price_currency":"USD","og_availability":"instock","product_availability":"instock","product_condition":"new"},"_links":{"self":[{"href":"https:\/\/darkora.net\/tr\/wp-json\/wp\/v2\/product\/4184","targetHints":{"allow":["GET"]}}],"collection":[{"href":"https:\/\/darkora.net\/tr\/wp-json\/wp\/v2\/product"}],"about":[{"href":"https:\/\/darkora.net\/tr\/wp-json\/wp\/v2\/types\/product"}],"replies":[{"embeddable":true,"href":"https:\/\/darkora.net\/tr\/wp-json\/wp\/v2\/comments?post=4184"}],"wp:featuredmedia":[{"embeddable":true,"href":"https:\/\/darkora.net\/tr\/wp-json\/wp\/v2\/media\/4172"}],"wp:attachment":[{"href":"https:\/\/darkora.net\/tr\/wp-json\/wp\/v2\/media?parent=4184"}],"wp:term":[{"taxonomy":"product_brand","embeddable":true,"href":"https:\/\/darkora.net\/tr\/wp-json\/wp\/v2\/product_brand?post=4184"},{"taxonomy":"product_cat","embeddable":true,"href":"https:\/\/darkora.net\/tr\/wp-json\/wp\/v2\/product_cat?post=4184"},{"taxonomy":"product_tag","embeddable":true,"href":"https:\/\/darkora.net\/tr\/wp-json\/wp\/v2\/product_tag?post=4184"}],"curies":[{"name":"wp","href":"https:\/\/api.w.org\/{rel}","templated":true}]}}