{"id":3931,"date":"2025-03-11T00:31:23","date_gmt":"2025-03-11T00:31:23","guid":{"rendered":"https:\/\/darkora.net\/tools\/darkora-black-matrix\/"},"modified":"2025-12-02T00:48:17","modified_gmt":"2025-12-02T00:48:17","slug":"darkora-black-matrix","status":"publish","type":"product","link":"https:\/\/darkora.net\/es\/tools\/darkora-black-matrix\/","title":{"rendered":"DarkOra Black Matrix"},"content":{"rendered":"<h2 style=\"text-align: center;\">\ud83d\udd13 <strong>DarkOra Negro Matrix \u2014 Alien Base de datos de texto B\u00fasqueda y Filtrada Contrase\u00f1a Esc\u00e1ner<\/strong> \ud83d\udd13<\/h2>\n<p><strong>\u00bfBuscas Alien Txtbase?<\/strong> Con <strong>DarkOra Black Matrix<\/strong>, puedes comprobar r\u00e1pidamente si tu correo electr\u00f3nico, nombre de usuario o contrase\u00f1as aparecen en filtraciones p\u00fablicas. <strong>Como resultado<\/strong>, sabr\u00e1s qu\u00e9 debes corregir antes de que alguien haga un uso indebido de tus datos. <strong>Adem\u00e1s<\/strong>, la aplicaci\u00f3n se ejecuta en tu PC, por lo que tus b\u00fasquedas permanecen privadas.<\/p>\n<ul>\n<li><strong>En primer lugar<\/strong>, realice b\u00fasquedas locales r\u00e1pidas en grandes archivos de violaciones de seguridad.<\/li>\n<li><strong>Entonces<\/strong>, vea claros resultados con sencillos pr\u00f3ximos pasos.<\/li>\n<li><strong>Por \u00faltimo<\/strong>, siga la lista de verificaci\u00f3n para proteger cada cuenta.<\/li>\n<\/ul>\n<hr>\n<h2>\ud83d\udd0d \u00bfQu\u00e9 es <strong>Alien Txtbase<\/strong>?<\/h2>\n<p>Alien Txtbase recopila credenciales expuestas de foros de filtraciones, paquetes de violaciones de seguridad p\u00fablicos y volcados de incidentes conocidos. <strong>Por lo tanto<\/strong>, si muestra su correo electr\u00f3nico o una coincidencia, considere esa credencial como insegura y c\u00e1mbiela de inmediato. <strong>Por ejemplo<\/strong>, cambie la contrase\u00f1a y habilite la autenticaci\u00f3n multifactorial (MFA).  <\/p>\n<hr>\n<h2>\ud83d\udd25 \u00bfPor qu\u00e9 usar <strong>DarkOra Matrix Black<\/strong> para b\u00fasquedas?<\/h2>\n<ul>\n<li><strong>Adem\u00e1s<\/strong>, usted obtiene <em>Contiene<\/em>, <em>ComienzaPor<\/em>, y <em>Regex<\/em> modos con opcional coincidencia de may\u00fasculas y min\u00fasculas matching.<\/li>\n<li><strong>Adem\u00e1s<\/strong>, por l\u00ednea copiar y teclado atajos (Ctrl+F, Intro, Esc, Ctrl+C) aceleran la revisi\u00f3n.<\/li>\n<li><strong>A continuaci\u00f3n<\/strong>, el actualizador integrado en la aplicaci\u00f3n mantiene los datos actualizados mediante sencillas comprobaciones de seguridad.<\/li>\n<li><strong>Por encima de todo<\/strong>, recibir\u00e1s una orientaci\u00f3n clara: qu\u00e9 cambiar y por qu\u00e9.<\/li>\n<\/ul>\n<p><strong>Como resultado<\/strong>, usted confirma la exposici\u00f3n de forma temprana y bloquea sus cuentas.<\/p>\n<hr>\n<h2>\ud83e\udded C\u00f3mo funciona (seguro y legal)<\/h2>\n<ol>\n<li><strong>Compre e instale<\/strong> DarkOra Black Matrix.<\/li>\n<li><strong>A continuaci\u00f3n<\/strong>, introduzca <em>sus<\/em> identificadores (correo electr\u00f3nico, nombre de usuario, patrones) para realizar una b\u00fasqueda privada en el conjunto de datos.<\/li>\n<li><strong>Despu\u00e9s de eso<\/strong>, revise las coincidencias y aplique la lista de verificaci\u00f3n (nueva contrase\u00f1a, MFA, revisi\u00f3n de contrase\u00f1as de aplicaciones).<\/li>\n<li><strong>Por \u00faltimo<\/strong>, vuelva a realizar un an\u00e1lisis despu\u00e9s de que se produzca una noticia sobre una infracci\u00f3n grave o realice una comprobaci\u00f3n trimestral.<\/li>\n<\/ol>\n<hr>\n<h2>\ud83d\udd10 Security Tips<\/h2>\n<ul>\n<li><strong>Por ejemplo<\/strong>, utilice un gestor de contrase\u00f1as y una contrase\u00f1a \u00fanica para cada sitio web.<\/li>\n<li><strong>Adem\u00e1s<\/strong>, habilite la autenticaci\u00f3n multifactor (MFA) en el correo electr\u00f3nico, la banca y las aplicaciones sociales.<\/li>\n<li><strong>Adem\u00e1s<\/strong>, cambie inmediatamente cualquier contrase\u00f1a expuesta y revise las opciones de recuperaci\u00f3n.<\/li>\n<li><strong>Opcional<\/strong>: compru\u00e9belo en <a href=\"https:\/\/haveibeenpwned.com\/\" target=\"_blank\" rel=\"noopener\">Have I Been Pwned<\/a>.<\/li>\n<li><strong>Adem\u00e1s<\/strong>, lea: <a href=\"https:\/\/darkora.net\/blog\/top-cybersecurity-threats-2025\/\" target=\"_blank\" rel=\"noopener\">Las principales amenazas a la ciberseguridad en 2025<\/a>.<\/li>\n<\/ul>\n<hr>\n<h2>Requisitosdel sistema<\/h2>\n<ul>\n<li>Windows 7 \/ 8 \/ 10 \/ 11 (32 o 64 bits)<\/li>\n<li>~14 GB de almacenamiento libre<\/li>\n<li>4 GB de RAM (se recomiendan 8 GB)<\/li>\n<\/ul>\n<hr>\n<h2>\u26a0\ufe0f Uso legal y responsable<\/h2>\n<p>Utilice <strong>DarkOra Black Matrix<\/strong> para comprobar <strong>sus propias<\/strong> cuentas o cuentas que pueda probar. <strong>De lo contrario<\/strong>, podr\u00eda infringir la ley o las normas del sitio. <strong>Por lo tanto<\/strong>, respete las leyes locales y las condiciones del servicio.  <\/p>\n<hr>\n<h2 style=\"text-align: center;\">Capturas de pantalla<\/h2>\n<p style=\"text-align: center;\"><img fetchpriority=\"high\" decoding=\"async\" src=\"https:\/\/darkora.net\/wp-content\/uploads\/2025\/03\/screen_bm.jpg\" alt=\"B\u00fasqueda en la base de datos de texto DarkOra Black Matrix Alien - pantalla principal\" width=\"705\" height=\"416\"><\/p>\n<p style=\"text-align: center;\"><img decoding=\"async\" class=\"alignnone size-full wp-image-4149\" src=\"https:\/\/darkora.net\/wp-content\/uploads\/2025\/03\/screen_bm2-1.jpg\" alt=\"ALIEN TXTBase - DarkOra Black Matrix - Pantalla\" width=\"1280\" height=\"671\" srcset=\"https:\/\/darkora.net\/wp-content\/uploads\/2025\/03\/screen_bm2-1.jpg 1280w, https:\/\/darkora.net\/wp-content\/uploads\/2025\/03\/screen_bm2-1-300x157.jpg 300w, https:\/\/darkora.net\/wp-content\/uploads\/2025\/03\/screen_bm2-1-1024x537.jpg 1024w, https:\/\/darkora.net\/wp-content\/uploads\/2025\/03\/screen_bm2-1-768x403.jpg 768w, https:\/\/darkora.net\/wp-content\/uploads\/2025\/03\/screen_bm2-1-600x315.jpg 600w\" sizes=\"(max-width: 1280px) 100vw, 1280px\" \/><\/p>\n<hr>\n<p><strong>Ready to check Alien Txtbase safely?<\/strong> Get <strong>DarkOra Black Matrix<\/strong> and protect your accounts today.<\/p>\n<h2 id=\"item-description__release-notes\">Notas de publicaci\u00f3n<\/h2>\n<pre>** Version 2.0.0 \u2013 16-08-2025 **\n  Added:\n  - New desktop UI with modern dark\/neon theme\n  - Search modes: Contains, StartsWith, Regex + Match case\n  - Per-line copy and keyboard shortcuts (Ctrl+F, Enter, Esc, Ctrl+C)\n  - In-app data updater with progress overlay\n\n  Performance:\n  - Faster scan\/decrypt pipeline and lower memory usage\n\n  Fixed:\n  - Improved stability, error handling, and text contrast\n\n** Version 1.0.8 \u2013 15-03-2025 **\n  - Optimized core\n  - Database updates\n  - Reduced package size\n\n** Version 1.0.5 \u2013 12-03-2025 **\n  - Database updates\n\n** Version 1.0.2 \u2013 02-03-2025 **\n  - Memory optimizations\n  - Scan &amp; search improvements\n\n** Version 1.0.0 \u2013 23-02-2025 **\n  - Initial release\n\nMore updates coming soon!\n<\/pre>\n","protected":false},"excerpt":{"rendered":"<p>\ud83d\udd13 DarkOra Negro Matrix \u2014 Alien Base de datos de texto B\u00fasqueda y Filtrada Contrase\u00f1a Esc\u00e1ner \ud83d\udd13 \u00bfBuscas Alien Txtbase? Con DarkOra Black Matrix, puedes comprobar r\u00e1pidamente si tu correo electr\u00f3nico, nombre de usuario o contrase\u00f1as aparecen en filtraciones p\u00fablicas. Como resultado, sabr\u00e1s qu\u00e9 debes corregir antes de que alguien haga un uso indebido de [&hellip;]<\/p>\n","protected":false},"featured_media":4956,"comment_status":"open","ping_status":"closed","template":"","meta":[],"product_brand":[37],"product_cat":[148],"product_tag":[170,171,173,172,169,174],"class_list":{"0":"post-3931","1":"product","2":"type-product","3":"status-publish","4":"has-post-thumbnail","6":"product_brand-darkora","7":"product_cat-herramientas","8":"product_tag-alien-txtbase-es","9":"product_tag-bases-de-datos-privadas-de-filtraciones","10":"product_tag-contrasenas-filtradas","11":"product_tag-dark-web-es","12":"product_tag-darkora-black-matrix-es","13":"product_tag-escanear-contrasenas-filtradas","15":"first","16":"instock","17":"sale","18":"downloadable","19":"virtual","20":"sold-individually","21":"taxable","22":"purchasable","23":"product-type-simple"},"yoast_head":"<!-- This site is optimized with the Yoast SEO plugin v27.0 - https:\/\/yoast.com\/product\/yoast-seo-wordpress\/ -->\n<title>Alien Txtbase Lookup \u2013 DarkOra Black Matrix Password Scanner<\/title>\n<meta name=\"description\" content=\"Buscar Alien Txtbase de forma segura con DarkOra Black Matrix. Comprueba si tu correo electr\u00f3nico o contrase\u00f1as aparecen en bases de datos filtradas bases de datos y obtenga orientaci\u00f3n inmediata para proteger...\" \/>\n<meta name=\"robots\" content=\"index, follow, max-snippet:-1, max-image-preview:large, max-video-preview:-1\" \/>\n<link rel=\"canonical\" href=\"https:\/\/darkora.net\/es\/tools\/darkora-black-matrix\/\" \/>\n<meta property=\"og:locale\" content=\"es_ES\" \/>\n<meta property=\"og:type\" content=\"article\" \/>\n<meta property=\"og:title\" content=\"Alien Txtbase Lookup \u2013 DarkOra Black Matrix Password Scanner\" \/>\n<meta property=\"og:description\" content=\"Buscar Alien Txtbase de forma segura con DarkOra Black Matrix. Comprueba si tu correo electr\u00f3nico o contrase\u00f1as aparecen en bases de datos filtradas bases de datos y obtenga orientaci\u00f3n inmediata para proteger...\" \/>\n<meta property=\"og:url\" content=\"https:\/\/darkora.net\/es\/tools\/darkora-black-matrix\/\" \/>\n<meta property=\"og:site_name\" content=\"DarkOra\" \/>\n<meta property=\"article:modified_time\" content=\"2025-12-02T00:48:17+00:00\" \/>\n<meta property=\"og:image\" content=\"https:\/\/darkora.net\/wp-content\/uploads\/2025\/03\/30044e3f-a2f4-4272-9f35-86c69249549d.png\" \/>\n\t<meta property=\"og:image:width\" content=\"1024\" \/>\n\t<meta property=\"og:image:height\" content=\"1024\" \/>\n\t<meta property=\"og:image:type\" content=\"image\/png\" \/>\n<meta name=\"twitter:card\" content=\"summary_large_image\" \/>\n<meta name=\"twitter:site\" content=\"@DarkOra_net\" \/>\n<meta name=\"twitter:label1\" content=\"Precio\" \/>\n\t<meta name=\"twitter:data1\" content=\"&#036;84.00\" \/>\n\t<meta name=\"twitter:label2\" content=\"Disponibilidad\" \/>\n\t<meta name=\"twitter:data2\" content=\"Disponible\" \/>\n<script type=\"application\/ld+json\" class=\"yoast-schema-graph\">{\"@context\":\"https:\/\/schema.org\",\"@graph\":[{\"@type\":\"WebPage\",\"@id\":\"https:\/\/darkora.net\/es\/tools\/darkora-black-matrix\/\",\"url\":\"https:\/\/darkora.net\/es\/tools\/darkora-black-matrix\/\",\"name\":\"Alien Txtbase Lookup \u2013 DarkOra Black Matrix Password Scanner\",\"isPartOf\":{\"@id\":\"https:\/\/darkora.net\/es\/#website\"},\"primaryImageOfPage\":{\"@id\":\"https:\/\/darkora.net\/es\/tools\/darkora-black-matrix\/#primaryimage\"},\"image\":{\"@id\":\"https:\/\/darkora.net\/es\/tools\/darkora-black-matrix\/#primaryimage\"},\"thumbnailUrl\":\"https:\/\/darkora.net\/wp-content\/uploads\/2025\/03\/darkora_blackmatrix-min.jpg\",\"datePublished\":\"2025-03-11T00:31:23+00:00\",\"dateModified\":\"2025-12-02T00:48:17+00:00\",\"description\":\"Buscar Alien Txtbase de forma segura con DarkOra Black Matrix. Comprueba si tu correo electr\u00f3nico o contrase\u00f1as aparecen en bases de datos filtradas bases de datos y obtenga orientaci\u00f3n inmediata para proteger...\",\"breadcrumb\":{\"@id\":\"https:\/\/darkora.net\/es\/tools\/darkora-black-matrix\/#breadcrumb\"},\"inLanguage\":\"es\",\"potentialAction\":[{\"@type\":\"ReadAction\",\"target\":[\"https:\/\/darkora.net\/es\/tools\/darkora-black-matrix\/\"]}]},{\"@type\":\"ImageObject\",\"inLanguage\":\"es\",\"@id\":\"https:\/\/darkora.net\/es\/tools\/darkora-black-matrix\/#primaryimage\",\"url\":\"https:\/\/darkora.net\/wp-content\/uploads\/2025\/03\/darkora_blackmatrix-min.jpg\",\"contentUrl\":\"https:\/\/darkora.net\/wp-content\/uploads\/2025\/03\/darkora_blackmatrix-min.jpg\",\"width\":1024,\"height\":1024,\"caption\":\"ALIEN TXTLOG BASE\"},{\"@type\":\"BreadcrumbList\",\"@id\":\"https:\/\/darkora.net\/es\/tools\/darkora-black-matrix\/#breadcrumb\",\"itemListElement\":[{\"@type\":\"ListItem\",\"position\":1,\"name\":\"Home\",\"item\":\"https:\/\/darkora.net\/es\/\"},{\"@type\":\"ListItem\",\"position\":2,\"name\":\"Tools\",\"item\":\"https:\/\/darkora.net\/tools\/\"},{\"@type\":\"ListItem\",\"position\":3,\"name\":\"DarkOra Black Matrix\"}]},{\"@type\":\"WebSite\",\"@id\":\"https:\/\/darkora.net\/es\/#website\",\"url\":\"https:\/\/darkora.net\/es\/\",\"name\":\"DarkOra\",\"description\":\"\",\"publisher\":{\"@id\":\"https:\/\/darkora.net\/es\/#organization\"},\"potentialAction\":[{\"@type\":\"SearchAction\",\"target\":{\"@type\":\"EntryPoint\",\"urlTemplate\":\"https:\/\/darkora.net\/es\/?s={search_term_string}\"},\"query-input\":{\"@type\":\"PropertyValueSpecification\",\"valueRequired\":true,\"valueName\":\"search_term_string\"}}],\"inLanguage\":\"es\"},{\"@type\":\"Organization\",\"@id\":\"https:\/\/darkora.net\/es\/#organization\",\"name\":\"DarkOra\",\"url\":\"https:\/\/darkora.net\/es\/\",\"logo\":{\"@type\":\"ImageObject\",\"inLanguage\":\"es\",\"@id\":\"https:\/\/darkora.net\/es\/#\/schema\/logo\/image\/\",\"url\":\"https:\/\/darkora.net\/wp-content\/uploads\/2026\/02\/darkora_favicon1.png\",\"contentUrl\":\"https:\/\/darkora.net\/wp-content\/uploads\/2026\/02\/darkora_favicon1.png\",\"width\":256,\"height\":256,\"caption\":\"DarkOra\"},\"image\":{\"@id\":\"https:\/\/darkora.net\/es\/#\/schema\/logo\/image\/\"},\"sameAs\":[\"https:\/\/x.com\/DarkOra_net\"]}]}<\/script>\n<meta property=\"product:price:amount\" content=\"84.00\" \/>\n<meta property=\"product:price:currency\" content=\"USD\" \/>\n<meta property=\"og:availability\" content=\"instock\" \/>\n<meta property=\"product:availability\" content=\"instock\" \/>\n<meta property=\"product:condition\" content=\"new\" \/>\n<!-- \/ Yoast SEO plugin. -->","yoast_head_json":{"title":"Alien Txtbase Lookup \u2013 DarkOra Black Matrix Password Scanner","description":"Buscar Alien Txtbase de forma segura con DarkOra Black Matrix. Comprueba si tu correo electr\u00f3nico o contrase\u00f1as aparecen en bases de datos filtradas bases de datos y obtenga orientaci\u00f3n inmediata para proteger...","robots":{"index":"index","follow":"follow","max-snippet":"max-snippet:-1","max-image-preview":"max-image-preview:large","max-video-preview":"max-video-preview:-1"},"canonical":"https:\/\/darkora.net\/es\/tools\/darkora-black-matrix\/","og_locale":"es_ES","og_type":"article","og_title":"Alien Txtbase Lookup \u2013 DarkOra Black Matrix Password Scanner","og_description":"Buscar Alien Txtbase de forma segura con DarkOra Black Matrix. Comprueba si tu correo electr\u00f3nico o contrase\u00f1as aparecen en bases de datos filtradas bases de datos y obtenga orientaci\u00f3n inmediata para proteger...","og_url":"https:\/\/darkora.net\/es\/tools\/darkora-black-matrix\/","og_site_name":"DarkOra","article_modified_time":"2025-12-02T00:48:17+00:00","og_image":[{"width":1024,"height":1024,"url":"https:\/\/darkora.net\/wp-content\/uploads\/2025\/03\/30044e3f-a2f4-4272-9f35-86c69249549d.png","type":"image\/png"}],"twitter_card":"summary_large_image","twitter_site":"@DarkOra_net","twitter_misc":{"Precio":"&#36;84.00","Disponibilidad":"Disponible"},"schema":{"@context":"https:\/\/schema.org","@graph":[{"@type":"WebPage","@id":"https:\/\/darkora.net\/es\/tools\/darkora-black-matrix\/","url":"https:\/\/darkora.net\/es\/tools\/darkora-black-matrix\/","name":"Alien Txtbase Lookup \u2013 DarkOra Black Matrix Password Scanner","isPartOf":{"@id":"https:\/\/darkora.net\/es\/#website"},"primaryImageOfPage":{"@id":"https:\/\/darkora.net\/es\/tools\/darkora-black-matrix\/#primaryimage"},"image":{"@id":"https:\/\/darkora.net\/es\/tools\/darkora-black-matrix\/#primaryimage"},"thumbnailUrl":"https:\/\/darkora.net\/wp-content\/uploads\/2025\/03\/darkora_blackmatrix-min.jpg","datePublished":"2025-03-11T00:31:23+00:00","dateModified":"2025-12-02T00:48:17+00:00","description":"Buscar Alien Txtbase de forma segura con DarkOra Black Matrix. Comprueba si tu correo electr\u00f3nico o contrase\u00f1as aparecen en bases de datos filtradas bases de datos y obtenga orientaci\u00f3n inmediata para proteger...","breadcrumb":{"@id":"https:\/\/darkora.net\/es\/tools\/darkora-black-matrix\/#breadcrumb"},"inLanguage":"es","potentialAction":[{"@type":"ReadAction","target":["https:\/\/darkora.net\/es\/tools\/darkora-black-matrix\/"]}]},{"@type":"ImageObject","inLanguage":"es","@id":"https:\/\/darkora.net\/es\/tools\/darkora-black-matrix\/#primaryimage","url":"https:\/\/darkora.net\/wp-content\/uploads\/2025\/03\/darkora_blackmatrix-min.jpg","contentUrl":"https:\/\/darkora.net\/wp-content\/uploads\/2025\/03\/darkora_blackmatrix-min.jpg","width":1024,"height":1024,"caption":"ALIEN TXTLOG BASE"},{"@type":"BreadcrumbList","@id":"https:\/\/darkora.net\/es\/tools\/darkora-black-matrix\/#breadcrumb","itemListElement":[{"@type":"ListItem","position":1,"name":"Home","item":"https:\/\/darkora.net\/es\/"},{"@type":"ListItem","position":2,"name":"Tools","item":"https:\/\/darkora.net\/tools\/"},{"@type":"ListItem","position":3,"name":"DarkOra Black Matrix"}]},{"@type":"WebSite","@id":"https:\/\/darkora.net\/es\/#website","url":"https:\/\/darkora.net\/es\/","name":"DarkOra","description":"","publisher":{"@id":"https:\/\/darkora.net\/es\/#organization"},"potentialAction":[{"@type":"SearchAction","target":{"@type":"EntryPoint","urlTemplate":"https:\/\/darkora.net\/es\/?s={search_term_string}"},"query-input":{"@type":"PropertyValueSpecification","valueRequired":true,"valueName":"search_term_string"}}],"inLanguage":"es"},{"@type":"Organization","@id":"https:\/\/darkora.net\/es\/#organization","name":"DarkOra","url":"https:\/\/darkora.net\/es\/","logo":{"@type":"ImageObject","inLanguage":"es","@id":"https:\/\/darkora.net\/es\/#\/schema\/logo\/image\/","url":"https:\/\/darkora.net\/wp-content\/uploads\/2026\/02\/darkora_favicon1.png","contentUrl":"https:\/\/darkora.net\/wp-content\/uploads\/2026\/02\/darkora_favicon1.png","width":256,"height":256,"caption":"DarkOra"},"image":{"@id":"https:\/\/darkora.net\/es\/#\/schema\/logo\/image\/"},"sameAs":["https:\/\/x.com\/DarkOra_net"]}]},"product_price_amount":"84.00","product_price_currency":"USD","og_availability":"instock","product_availability":"instock","product_condition":"new"},"_links":{"self":[{"href":"https:\/\/darkora.net\/es\/wp-json\/wp\/v2\/product\/3931","targetHints":{"allow":["GET"]}}],"collection":[{"href":"https:\/\/darkora.net\/es\/wp-json\/wp\/v2\/product"}],"about":[{"href":"https:\/\/darkora.net\/es\/wp-json\/wp\/v2\/types\/product"}],"replies":[{"embeddable":true,"href":"https:\/\/darkora.net\/es\/wp-json\/wp\/v2\/comments?post=3931"}],"wp:featuredmedia":[{"embeddable":true,"href":"https:\/\/darkora.net\/es\/wp-json\/wp\/v2\/media\/4956"}],"wp:attachment":[{"href":"https:\/\/darkora.net\/es\/wp-json\/wp\/v2\/media?parent=3931"}],"wp:term":[{"taxonomy":"product_brand","embeddable":true,"href":"https:\/\/darkora.net\/es\/wp-json\/wp\/v2\/product_brand?post=3931"},{"taxonomy":"product_cat","embeddable":true,"href":"https:\/\/darkora.net\/es\/wp-json\/wp\/v2\/product_cat?post=3931"},{"taxonomy":"product_tag","embeddable":true,"href":"https:\/\/darkora.net\/es\/wp-json\/wp\/v2\/product_tag?post=3931"}],"curies":[{"name":"wp","href":"https:\/\/api.w.org\/{rel}","templated":true}]}}