{"id":3929,"date":"2025-03-01T20:42:53","date_gmt":"2025-03-01T20:42:53","guid":{"rendered":"https:\/\/darkora.net\/tools\/darkora-multichain-hunter-pro\/"},"modified":"2025-12-02T00:48:18","modified_gmt":"2025-12-02T00:48:18","slug":"darkora-multichain-hunter-pro","status":"publish","type":"product","link":"https:\/\/darkora.net\/es\/tools\/darkora-multichain-hunter-pro\/","title":{"rendered":"DarkOra MultiChain Hunter Pro"},"content":{"rendered":"<h1>Recuperar Perdida Criptomoneda Cartera \u2013 Encontrar Olvidada Mnemot\u00e9cnica y Robada Saldos<\/h1>\n<p><strong>\u00bfHa perdido el acceso a su monedero de criptomonedas?<\/strong><br \/>\nCada a\u00f1o, miles de usuarios de criptomonedas pierden el acceso a sus fondos debido a frases mnemot\u00e9cnicas olvidadas, claves privadas perdidas o robos cibern\u00e9ticos. <strong>DarkOra MultiChain Hunter Pro<\/strong> es una herramienta forense avanzada de cadena de bloques dise\u00f1ada para escanear, rastrear e identificar monederos perdidos u olvidados en m\u00faltiples redes de cadena de bloques.<\/p>\n<h2>\ud83d\udea8 Hackeo de Atomic Wallet: \u00bfte han robado tus criptomonedas?<\/h2>\n<p>En <strong>junio de 2023<\/strong>, <a href=\"https:\/\/atomicwallet.io\/\" target=\"_blank\" rel=\"noopener\">Atomic Wallet<\/a> sufri\u00f3 un hackeo catastr\u00f3fico que provoc\u00f3 el robo de m\u00e1s de 100 millones de d\u00f3lares en Bitcoin, Ethereum y otras criptomonedas. Miles de usuarios perdieron el acceso a sus fondos debido a vulnerabilidades de seguridad en el sistema de la cartera. <\/p>\n<p>Las v\u00edctimas de este ataque se quedaron pregunt\u00e1ndose:<\/p>\n<ul>\n<li>\ud83d\udcb8 \u00bfC\u00f3mo recuperar criptomonedas robadas de Atomic Wallet?<\/li>\n<li>\ud83d\udd0d \u00bfPuedo rastrear mis bitcoins o ethereums perdidos?<\/li>\n<li>\u26a0\ufe0f \u00bfHay alguna forma de recuperar frases mnemot\u00e9cnicas perdidas?<\/li>\n<\/ul>\n<p>\ud83d\udca1 If you were affected by the Atomic Wallet breach, you&#8217;re not alone!<br \/>\nWith <strong>DarkOra MultiChain Hunter Pro<\/strong>, you can scan and analyze blockchain addresses to track lost balances and discover forgotten mnemonic phrases.<\/p>\n<h2>\ud83d\udd0e Avanzado Multicadena Cartera Esc\u00e1ner<\/h2>\n<p>Nuestra innovadora <strong>herramienta de recuperaci\u00f3n de carteras criptogr\u00e1ficas<\/strong> ayuda a los usuarios a: <\/p>\n<ul>\n<li>\ud83d\udd0d <strong>Escanee frases mnemot\u00e9cnicas de 12 palabras generadas aleatoriamente<\/strong> para encontrar carteras activas.<\/li>\n<li>\ud83d\udcb0 <strong>Recupera los saldos perdidos de tus carteras de Bitcoin, Ethereum y Solana.<\/strong><\/li>\n<li>\u26a1 <strong>Utiliza el modo inverso de fuerza bruta para encontrar frases mnemot\u00e9cnicas vinculadas a direcciones conocidas.<\/strong><\/li>\n<li>\ud83d\udcc2 <strong>Cargar y escanear listas de frases mnemot\u00e9cnicas filtradas o conocidas.<\/strong><\/li>\n<\/ul>\n<h2>\ud83c\udf0d Redes compatibles con blockchain<\/h2>\n<p>DarkOra MultiChain Hunter Pro funciona en m\u00faltiples redes blockchain, ayud\u00e1ndole a analizar y recuperar activos criptogr\u00e1ficos perdidos:<\/p>\n<ul>\n<li>\ud83d\udd39 <strong>Bitcoin (BTC)<\/strong><\/li>\n<li>\ud83d\udd39 <strong>Ethereum (ETH)<\/strong><\/li>\n<li>\ud83d\udd39 <strong>Solana (SOL)<\/strong><\/li>\n<li>\ud83d\udd39 <strong>Tron (TRX)<\/strong><\/li>\n<li>\ud83d\udd39 <strong>Dogecoin (DOGE)<\/strong><\/li>\n<li>\ud83d\udd39 <strong>Litecoin (LTC) y m\u00e1s&#8230;<\/strong><\/li>\n<\/ul>\n<h2>\ud83d\udcbb \u00bfC\u00f3mo funciona?<\/h2>\n<p>DarkOra MultiChain Hunter Pro ofrece tres potentes modos de recuperaci\u00f3n:<\/p>\n<ul>\n<li>\u2705 **Escaneo mnemot\u00e9cnico autom\u00e1tico:** Genera y prueba miles de frases semilla aleatorias de 12 palabras.<\/li>\n<li>\u2705 **Modo de direcci\u00f3n inversa:** Introduzca una direcci\u00f3n de monedero e intente encontrar su mnemot\u00e9cnico asociado.<\/li>\n<li>\u2705 **Modo de escaneo masivo:** Cargue una lista de frases mnemot\u00e9cnicas y escan\u00e9elas para obtener los saldos.<\/li>\n<\/ul>\n<h2>\ud83d\udd12 \u00bfEs este un servicio de recuperaci\u00f3n de carteras?<\/h2>\n<p>No, **DarkOra MultiChain Hunter Pro NO es un servicio de recuperaci\u00f3n**.<br \/>\nEsta es una **herramienta forense de blockchain** que ayuda a los usuarios a escanear y analizar frases mnemot\u00e9cnicas para identificar posibles p\u00e9rdidas de acceso a carteras.<\/p>\n<p>\u274c **Si sus criptomonedas fueron robadas en el hackeo de Atomic Wallet, no hay una forma garantizada de recuperar los fondos robados.**<br \/>\n\u2705 **Sin embargo, nuestro software puede ayudarle a analizar transacciones, rastrear la actividad de la cadena de bloques y, potencialmente, redescubrir carteras perdidas.**<\/p>\n<h2>\ud83d\ude80 \u00bfPor qu\u00e9 elegir DarkOra MultiChain Hunter Pro?<\/h2>\n<ul>\n<li>\u2705 **Compatible con m\u00faltiples cadenas de bloques (BTC, ETH, SOL, TRX, LTC, DOGE y m\u00e1s).**<\/li>\n<li>\u2705 **Incluye compatibilidad con proxy para el escaneo an\u00f3nimo.**<\/li>\n<li>\u2705 **No se requiere suscripci\u00f3n: \u00a1pago \u00fanico, acceso de por vida!**<\/li>\n<li>\u2705 **Optimizado para un escaneo r\u00e1pido y una recuperaci\u00f3n equilibrada.**<\/li>\n<\/ul>\n<h2>\u26a1 Descarga instant\u00e1nea y actualizaciones de por vida<\/h2>\n<p>Despu\u00e9s de la compra, recibir\u00e1s **acceso inmediato** al software, junto con actualizaciones gratuitas de por vida y asistencia al cliente.<\/p>\n<h2>\ud83d\udd17 Recursos \u00fatiles<\/h2>\n<ul>\n<li><a href=\"https:\/\/darkora.net\/es\/blog\/atomic-wallet-hack-2023\/\" target=\"_blank\" rel=\"noopener\">Atomic Wallet Hack: Asegure sus activos criptogr\u00e1ficos<\/a><\/li>\n<li><a href=\"https:\/\/darkora.net\/blog\/how-to-secure-your-crypto-wallet\/\" target=\"_blank\" rel=\"noopener\">C\u00f3mo proteger tu monedero de criptomonedas<\/a><\/li>\n<\/ul>\n<h3>\ud83d\udd10 Proteja sus criptomonedas: \u00a1recupera ahora tus carteras perdidas!<\/h3>\n<p>&nbsp;<\/p>\n<p style=\"text-align: center;\">Capturas de pantalla:<\/p>\n<p style=\"text-align: center;\"><img fetchpriority=\"high\" decoding=\"async\" class=\"alignnone size-full wp-image-4173\" src=\"https:\/\/darkora.net\/wp-content\/uploads\/2025\/03\/screen_mhp.jpg\" alt=\"Recuperar cartera criptogr\u00e1fica perdida\" width=\"711\" height=\"407\" srcset=\"https:\/\/darkora.net\/wp-content\/uploads\/2025\/03\/screen_mhp.jpg 711w, https:\/\/darkora.net\/wp-content\/uploads\/2025\/03\/screen_mhp-300x172.jpg 300w, https:\/\/darkora.net\/wp-content\/uploads\/2025\/03\/screen_mhp-600x343.jpg 600w\" sizes=\"(max-width: 711px) 100vw, 711px\" \/><\/p>\n<p style=\"text-align: center;\"><img decoding=\"async\" class=\"alignnone size-full wp-image-4178\" src=\"https:\/\/darkora.net\/wp-content\/uploads\/2025\/03\/screen_mhp2.jpg\" alt=\"Recuperar monedero criptogr\u00e1fico perdido\" width=\"1238\" height=\"1006\" srcset=\"https:\/\/darkora.net\/wp-content\/uploads\/2025\/03\/screen_mhp2.jpg 1238w, https:\/\/darkora.net\/wp-content\/uploads\/2025\/03\/screen_mhp2-300x244.jpg 300w, https:\/\/darkora.net\/wp-content\/uploads\/2025\/03\/screen_mhp2-1024x832.jpg 1024w, https:\/\/darkora.net\/wp-content\/uploads\/2025\/03\/screen_mhp2-768x624.jpg 768w, https:\/\/darkora.net\/wp-content\/uploads\/2025\/03\/screen_mhp2-600x488.jpg 600w\" sizes=\"(max-width: 1238px) 100vw, 1238px\" \/><\/p>\n<p>&nbsp;<\/p>\n<p style=\"text-align: center;\"><a href=\"https:\/\/www.youtube.com\/watch?v=MePCN6wpFgs\" target=\"_blank\" rel=\"noopener\">\u00a1Mira DarkOra MultiChain Hunter Pro v1.0.0 en YouTube!<\/a><\/p>\n<h2 id=\"item-description__release-notes\">Notas de publicaci\u00f3n<\/h2>\n<hr>\n<pre>** Version 2.0.0 \u2013 [DD-MM-2025] **\n  - Desktop UI: full UI with live dashboard, KPIs, and data grids\n  - Parallel multi-chain engine with smart rate-limit &amp; retry (BTC\/ETH\/TRX+USDT\/SOL\/LTC\/DOGE)\n  - Real-time balances for derived addresses\n  - Duplicate-scan guard with persistent storage (no re-checking phrases)\n  - Performance overhaul: faster derivation, batched network I\/O, lower memory\n  - Optional TRON API key support for higher throughput\n\n** Version 1.1.0 \u2013 08-03-2025 **\n  - Added USDT-TRC20 balance check  \n  - Enhanced style &amp; scanning performance\n\n** Version 1.0.4 \u2013 01-03-2025 **\n  - Faster scanning, optimized memory\n  - Reverse Address Mode improvements\n  - Bulk Scan Mode improvements\n\n** Version 1.0.0 - 27-02-2025 ** \n  - Initial Release\n\nMore updates coming soon!\n<\/pre>\n","protected":false},"excerpt":{"rendered":"<p>Recuperar Perdida Criptomoneda Cartera \u2013 Encontrar Olvidada Mnemot\u00e9cnica y Robada Saldos \u00bfHa perdido el acceso a su monedero de criptomonedas? Cada a\u00f1o, miles de usuarios de criptomonedas pierden el acceso a sus fondos debido a frases mnemot\u00e9cnicas olvidadas, claves privadas perdidas o robos cibern\u00e9ticos. DarkOra MultiChain Hunter Pro es una herramienta forense avanzada de cadena [&hellip;]<\/p>\n","protected":false},"featured_media":4171,"comment_status":"open","ping_status":"closed","template":"","meta":[],"product_brand":[37],"product_cat":[148],"product_tag":[155,149,159,157,158,160,156,151,162,154,152,150,153,161],"class_list":{"0":"post-3929","1":"product","2":"type-product","3":"status-publish","4":"has-post-thumbnail","6":"product_brand-darkora","7":"product_cat-herramientas","8":"product_tag-btc-finder-es","9":"product_tag-crypto-es","10":"product_tag-crypto-recovery-tool-es","11":"product_tag-cyber-es","12":"product_tag-darkora-es","13":"product_tag-escaner-forense-de-bitcoin","14":"product_tag-find-lose-wallet-es","15":"product_tag-hackeo-de-atomic-wallet","16":"product_tag-lost-wallet-balance-finder-es","17":"product_tag-multichain-hunter-es","18":"product_tag-rastrear-cripto","19":"product_tag-recovery-es","20":"product_tag-wallet-scanner-es","21":"product_tag-wallet-seed-recovery-es","23":"first","24":"instock","25":"sale","26":"downloadable","27":"virtual","28":"sold-individually","29":"purchasable","30":"product-type-simple"},"yoast_head":"<!-- This site is optimized with the Yoast SEO plugin v27.0 - https:\/\/yoast.com\/product\/yoast-seo-wordpress\/ -->\n<title>Recuperar Perdida Criptomoneda Cartera | DarkOra MultiChain Hunter Pro<\/title>\n<meta name=\"description\" content=\"Recuperar perdida cartera criptogr\u00e1fica o Perdido acceso a su Bitcoin, Ethereum, o otros monederos? DarkOra MultiChain Hunter Pro ayuda a recuperar los o robados...\" \/>\n<meta name=\"robots\" content=\"index, follow, max-snippet:-1, max-image-preview:large, max-video-preview:-1\" \/>\n<link rel=\"canonical\" href=\"https:\/\/darkora.net\/es\/tools\/darkora-multichain-hunter-pro\/\" \/>\n<meta property=\"og:locale\" content=\"es_ES\" \/>\n<meta property=\"og:type\" content=\"article\" \/>\n<meta property=\"og:title\" content=\"Recuperar Perdida Criptomoneda Cartera | DarkOra MultiChain Hunter Pro\" \/>\n<meta property=\"og:description\" content=\"Recuperar perdida cartera criptogr\u00e1fica o Perdido acceso a su Bitcoin, Ethereum, o otros monederos? DarkOra MultiChain Hunter Pro ayuda a recuperar los o robados...\" \/>\n<meta property=\"og:url\" content=\"https:\/\/darkora.net\/es\/tools\/darkora-multichain-hunter-pro\/\" \/>\n<meta property=\"og:site_name\" content=\"DarkOra\" \/>\n<meta property=\"article:modified_time\" content=\"2025-12-02T00:48:18+00:00\" \/>\n<meta property=\"og:image\" content=\"https:\/\/darkora.net\/wp-content\/uploads\/2025\/03\/multicchainhunter_pro.png\" \/>\n\t<meta property=\"og:image:width\" content=\"1024\" \/>\n\t<meta property=\"og:image:height\" content=\"1024\" \/>\n\t<meta property=\"og:image:type\" content=\"image\/png\" \/>\n<meta name=\"twitter:card\" content=\"summary_large_image\" \/>\n<meta name=\"twitter:site\" content=\"@DarkOra_net\" \/>\n<meta name=\"twitter:label1\" content=\"Precio\" \/>\n\t<meta name=\"twitter:data1\" content=\"&#036;74.00\" \/>\n\t<meta name=\"twitter:label2\" content=\"Disponibilidad\" \/>\n\t<meta name=\"twitter:data2\" content=\"Disponible\" \/>\n<script type=\"application\/ld+json\" class=\"yoast-schema-graph\">{\"@context\":\"https:\/\/schema.org\",\"@graph\":[{\"@type\":\"WebPage\",\"@id\":\"https:\/\/darkora.net\/es\/tools\/darkora-multichain-hunter-pro\/\",\"url\":\"https:\/\/darkora.net\/es\/tools\/darkora-multichain-hunter-pro\/\",\"name\":\"Recuperar Perdida Criptomoneda Cartera | DarkOra MultiChain Hunter Pro\",\"isPartOf\":{\"@id\":\"https:\/\/darkora.net\/es\/#website\"},\"primaryImageOfPage\":{\"@id\":\"https:\/\/darkora.net\/es\/tools\/darkora-multichain-hunter-pro\/#primaryimage\"},\"image\":{\"@id\":\"https:\/\/darkora.net\/es\/tools\/darkora-multichain-hunter-pro\/#primaryimage\"},\"thumbnailUrl\":\"https:\/\/darkora.net\/wp-content\/uploads\/2025\/03\/multicchainhunter_pro.png\",\"datePublished\":\"2025-03-01T20:42:53+00:00\",\"dateModified\":\"2025-12-02T00:48:18+00:00\",\"description\":\"Recuperar perdida cartera criptogr\u00e1fica o Perdido acceso a su Bitcoin, Ethereum, o otros monederos? DarkOra MultiChain Hunter Pro ayuda a recuperar los o robados...\",\"breadcrumb\":{\"@id\":\"https:\/\/darkora.net\/es\/tools\/darkora-multichain-hunter-pro\/#breadcrumb\"},\"inLanguage\":\"es\",\"potentialAction\":[{\"@type\":\"ReadAction\",\"target\":[\"https:\/\/darkora.net\/es\/tools\/darkora-multichain-hunter-pro\/\"]}]},{\"@type\":\"ImageObject\",\"inLanguage\":\"es\",\"@id\":\"https:\/\/darkora.net\/es\/tools\/darkora-multichain-hunter-pro\/#primaryimage\",\"url\":\"https:\/\/darkora.net\/wp-content\/uploads\/2025\/03\/multicchainhunter_pro.png\",\"contentUrl\":\"https:\/\/darkora.net\/wp-content\/uploads\/2025\/03\/multicchainhunter_pro.png\",\"width\":1024,\"height\":1024,\"caption\":\"DarkOra MultiChain Hunter Pro\"},{\"@type\":\"BreadcrumbList\",\"@id\":\"https:\/\/darkora.net\/es\/tools\/darkora-multichain-hunter-pro\/#breadcrumb\",\"itemListElement\":[{\"@type\":\"ListItem\",\"position\":1,\"name\":\"Home\",\"item\":\"https:\/\/darkora.net\/es\/\"},{\"@type\":\"ListItem\",\"position\":2,\"name\":\"Tools\",\"item\":\"https:\/\/darkora.net\/tools\/\"},{\"@type\":\"ListItem\",\"position\":3,\"name\":\"DarkOra MultiChain Hunter Pro\"}]},{\"@type\":\"WebSite\",\"@id\":\"https:\/\/darkora.net\/es\/#website\",\"url\":\"https:\/\/darkora.net\/es\/\",\"name\":\"DarkOra\",\"description\":\"\",\"publisher\":{\"@id\":\"https:\/\/darkora.net\/es\/#organization\"},\"potentialAction\":[{\"@type\":\"SearchAction\",\"target\":{\"@type\":\"EntryPoint\",\"urlTemplate\":\"https:\/\/darkora.net\/es\/?s={search_term_string}\"},\"query-input\":{\"@type\":\"PropertyValueSpecification\",\"valueRequired\":true,\"valueName\":\"search_term_string\"}}],\"inLanguage\":\"es\"},{\"@type\":\"Organization\",\"@id\":\"https:\/\/darkora.net\/es\/#organization\",\"name\":\"DarkOra\",\"url\":\"https:\/\/darkora.net\/es\/\",\"logo\":{\"@type\":\"ImageObject\",\"inLanguage\":\"es\",\"@id\":\"https:\/\/darkora.net\/es\/#\/schema\/logo\/image\/\",\"url\":\"https:\/\/darkora.net\/wp-content\/uploads\/2026\/02\/darkora_favicon1.png\",\"contentUrl\":\"https:\/\/darkora.net\/wp-content\/uploads\/2026\/02\/darkora_favicon1.png\",\"width\":256,\"height\":256,\"caption\":\"DarkOra\"},\"image\":{\"@id\":\"https:\/\/darkora.net\/es\/#\/schema\/logo\/image\/\"},\"sameAs\":[\"https:\/\/x.com\/DarkOra_net\"]}]}<\/script>\n<meta property=\"product:price:amount\" content=\"74.00\" \/>\n<meta property=\"product:price:currency\" content=\"USD\" \/>\n<meta property=\"og:availability\" content=\"instock\" \/>\n<meta property=\"product:availability\" content=\"instock\" \/>\n<meta property=\"product:condition\" content=\"new\" \/>\n<!-- \/ Yoast SEO plugin. -->","yoast_head_json":{"title":"Recuperar Perdida Criptomoneda Cartera | DarkOra MultiChain Hunter Pro","description":"Recuperar perdida cartera criptogr\u00e1fica o Perdido acceso a su Bitcoin, Ethereum, o otros monederos? DarkOra MultiChain Hunter Pro ayuda a recuperar los o robados...","robots":{"index":"index","follow":"follow","max-snippet":"max-snippet:-1","max-image-preview":"max-image-preview:large","max-video-preview":"max-video-preview:-1"},"canonical":"https:\/\/darkora.net\/es\/tools\/darkora-multichain-hunter-pro\/","og_locale":"es_ES","og_type":"article","og_title":"Recuperar Perdida Criptomoneda Cartera | DarkOra MultiChain Hunter Pro","og_description":"Recuperar perdida cartera criptogr\u00e1fica o Perdido acceso a su Bitcoin, Ethereum, o otros monederos? DarkOra MultiChain Hunter Pro ayuda a recuperar los o robados...","og_url":"https:\/\/darkora.net\/es\/tools\/darkora-multichain-hunter-pro\/","og_site_name":"DarkOra","article_modified_time":"2025-12-02T00:48:18+00:00","og_image":[{"width":1024,"height":1024,"url":"https:\/\/darkora.net\/wp-content\/uploads\/2025\/03\/multicchainhunter_pro.png","type":"image\/png"}],"twitter_card":"summary_large_image","twitter_site":"@DarkOra_net","twitter_misc":{"Precio":"&#36;74.00","Disponibilidad":"Disponible"},"schema":{"@context":"https:\/\/schema.org","@graph":[{"@type":"WebPage","@id":"https:\/\/darkora.net\/es\/tools\/darkora-multichain-hunter-pro\/","url":"https:\/\/darkora.net\/es\/tools\/darkora-multichain-hunter-pro\/","name":"Recuperar Perdida Criptomoneda Cartera | DarkOra MultiChain Hunter Pro","isPartOf":{"@id":"https:\/\/darkora.net\/es\/#website"},"primaryImageOfPage":{"@id":"https:\/\/darkora.net\/es\/tools\/darkora-multichain-hunter-pro\/#primaryimage"},"image":{"@id":"https:\/\/darkora.net\/es\/tools\/darkora-multichain-hunter-pro\/#primaryimage"},"thumbnailUrl":"https:\/\/darkora.net\/wp-content\/uploads\/2025\/03\/multicchainhunter_pro.png","datePublished":"2025-03-01T20:42:53+00:00","dateModified":"2025-12-02T00:48:18+00:00","description":"Recuperar perdida cartera criptogr\u00e1fica o Perdido acceso a su Bitcoin, Ethereum, o otros monederos? DarkOra MultiChain Hunter Pro ayuda a recuperar los o robados...","breadcrumb":{"@id":"https:\/\/darkora.net\/es\/tools\/darkora-multichain-hunter-pro\/#breadcrumb"},"inLanguage":"es","potentialAction":[{"@type":"ReadAction","target":["https:\/\/darkora.net\/es\/tools\/darkora-multichain-hunter-pro\/"]}]},{"@type":"ImageObject","inLanguage":"es","@id":"https:\/\/darkora.net\/es\/tools\/darkora-multichain-hunter-pro\/#primaryimage","url":"https:\/\/darkora.net\/wp-content\/uploads\/2025\/03\/multicchainhunter_pro.png","contentUrl":"https:\/\/darkora.net\/wp-content\/uploads\/2025\/03\/multicchainhunter_pro.png","width":1024,"height":1024,"caption":"DarkOra MultiChain Hunter Pro"},{"@type":"BreadcrumbList","@id":"https:\/\/darkora.net\/es\/tools\/darkora-multichain-hunter-pro\/#breadcrumb","itemListElement":[{"@type":"ListItem","position":1,"name":"Home","item":"https:\/\/darkora.net\/es\/"},{"@type":"ListItem","position":2,"name":"Tools","item":"https:\/\/darkora.net\/tools\/"},{"@type":"ListItem","position":3,"name":"DarkOra MultiChain Hunter Pro"}]},{"@type":"WebSite","@id":"https:\/\/darkora.net\/es\/#website","url":"https:\/\/darkora.net\/es\/","name":"DarkOra","description":"","publisher":{"@id":"https:\/\/darkora.net\/es\/#organization"},"potentialAction":[{"@type":"SearchAction","target":{"@type":"EntryPoint","urlTemplate":"https:\/\/darkora.net\/es\/?s={search_term_string}"},"query-input":{"@type":"PropertyValueSpecification","valueRequired":true,"valueName":"search_term_string"}}],"inLanguage":"es"},{"@type":"Organization","@id":"https:\/\/darkora.net\/es\/#organization","name":"DarkOra","url":"https:\/\/darkora.net\/es\/","logo":{"@type":"ImageObject","inLanguage":"es","@id":"https:\/\/darkora.net\/es\/#\/schema\/logo\/image\/","url":"https:\/\/darkora.net\/wp-content\/uploads\/2026\/02\/darkora_favicon1.png","contentUrl":"https:\/\/darkora.net\/wp-content\/uploads\/2026\/02\/darkora_favicon1.png","width":256,"height":256,"caption":"DarkOra"},"image":{"@id":"https:\/\/darkora.net\/es\/#\/schema\/logo\/image\/"},"sameAs":["https:\/\/x.com\/DarkOra_net"]}]},"product_price_amount":"74.00","product_price_currency":"USD","og_availability":"instock","product_availability":"instock","product_condition":"new"},"_links":{"self":[{"href":"https:\/\/darkora.net\/es\/wp-json\/wp\/v2\/product\/3929","targetHints":{"allow":["GET"]}}],"collection":[{"href":"https:\/\/darkora.net\/es\/wp-json\/wp\/v2\/product"}],"about":[{"href":"https:\/\/darkora.net\/es\/wp-json\/wp\/v2\/types\/product"}],"replies":[{"embeddable":true,"href":"https:\/\/darkora.net\/es\/wp-json\/wp\/v2\/comments?post=3929"}],"wp:featuredmedia":[{"embeddable":true,"href":"https:\/\/darkora.net\/es\/wp-json\/wp\/v2\/media\/4171"}],"wp:attachment":[{"href":"https:\/\/darkora.net\/es\/wp-json\/wp\/v2\/media?parent=3929"}],"wp:term":[{"taxonomy":"product_brand","embeddable":true,"href":"https:\/\/darkora.net\/es\/wp-json\/wp\/v2\/product_brand?post=3929"},{"taxonomy":"product_cat","embeddable":true,"href":"https:\/\/darkora.net\/es\/wp-json\/wp\/v2\/product_cat?post=3929"},{"taxonomy":"product_tag","embeddable":true,"href":"https:\/\/darkora.net\/es\/wp-json\/wp\/v2\/product_tag?post=3929"}],"curies":[{"name":"wp","href":"https:\/\/api.w.org\/{rel}","templated":true}]}}